{"id":7894,"date":"2024-01-08T14:51:02","date_gmt":"2024-01-08T13:51:02","guid":{"rendered":"https:\/\/travelwithkids.net\/contact\/"},"modified":"2024-09-25T12:23:23","modified_gmt":"2024-09-25T10:23:23","slug":"contact","status":"publish","type":"page","link":"https:\/\/travelwithkids.net\/en\/contact\/","title":{"rendered":"Contact"},"content":{"rendered":"<h1>Contact<\/h1>\n<p>Email marlyn@travelwithkids.net or fill out the contact form.&nbsp;<\/p>\n<p>\t\t\t\t\t\t\t\t\t\t\t\t\t<img loading=\"lazy\" decoding=\"async\" width=\"682\" height=\"1024\" src=\"https:\/\/travelwithkids.net\/wp-content\/uploads\/2023\/11\/12-20221025_080146-scaled-e1699604401172-682x1024.jpg\" alt=\"Australi\u00eb Queensland met kinderen - Millaa Millaa Falls\" srcset=\"https:\/\/travelwithkids.net\/wp-content\/uploads\/2023\/11\/12-20221025_080146-scaled-e1699604401172-682x1024.jpg 682w, https:\/\/travelwithkids.net\/wp-content\/uploads\/2023\/11\/12-20221025_080146-scaled-e1699604401172-600x900.jpg 600w, https:\/\/travelwithkids.net\/wp-content\/uploads\/2023\/11\/12-20221025_080146-scaled-e1699604401172-200x300.jpg 200w, https:\/\/travelwithkids.net\/wp-content\/uploads\/2023\/11\/12-20221025_080146-scaled-e1699604401172-768x1152.jpg 768w, https:\/\/travelwithkids.net\/wp-content\/uploads\/2023\/11\/12-20221025_080146-scaled-e1699604401172-1024x1536.jpg 1024w, https:\/\/travelwithkids.net\/wp-content\/uploads\/2023\/11\/12-20221025_080146-scaled-e1699604401172-1365x2048.jpg 1365w, https:\/\/travelwithkids.net\/wp-content\/uploads\/2023\/11\/12-20221025_080146-scaled-e1699604401172.jpg 1706w\" sizes=\"auto, (max-width: 682px) 100vw, 682px\" \/>\t\t\t\t\t\t\t\t\t\t\t\t\t<\/p>\n<h2>Contact form<\/h2>\n<p>\t\t[wpforms id=&#8221;5664&#8243; title=&#8221;false&#8221;]<br \/>\n\t\t\t\t\t\t\t\t\t\t\t\t\t<img loading=\"lazy\" decoding=\"async\" width=\"682\" height=\"1024\" src=\"https:\/\/travelwithkids.net\/wp-content\/uploads\/2023\/11\/20230613_133226-scaled-e1700741429902-682x1024.jpg\" alt=\"Rondreis Thailand met gezin\" srcset=\"https:\/\/travelwithkids.net\/wp-content\/uploads\/2023\/11\/20230613_133226-scaled-e1700741429902-682x1024.jpg 682w, https:\/\/travelwithkids.net\/wp-content\/uploads\/2023\/11\/20230613_133226-scaled-e1700741429902-600x901.jpg 600w, https:\/\/travelwithkids.net\/wp-content\/uploads\/2023\/11\/20230613_133226-scaled-e1700741429902-200x300.jpg 200w, https:\/\/travelwithkids.net\/wp-content\/uploads\/2023\/11\/20230613_133226-scaled-e1700741429902-768x1153.jpg 768w, https:\/\/travelwithkids.net\/wp-content\/uploads\/2023\/11\/20230613_133226-scaled-e1700741429902-1023x1536.jpg 1023w, https:\/\/travelwithkids.net\/wp-content\/uploads\/2023\/11\/20230613_133226-scaled-e1700741429902-1364x2048.jpg 1364w, https:\/\/travelwithkids.net\/wp-content\/uploads\/2023\/11\/20230613_133226-scaled-e1700741429902.jpg 1441w\" sizes=\"auto, (max-width: 682px) 100vw, 682px\" \/><br \/>\n\t\t\t\t\t\t\t\t\t\t\t\t\t<img loading=\"lazy\" decoding=\"async\" width=\"682\" height=\"1024\" src=\"https:\/\/travelwithkids.net\/wp-content\/uploads\/2023\/09\/15-20221212_090418-scaled-e1693838104870-682x1024.jpg\" alt=\"Sharm-el-Sheikh met kinderen\" srcset=\"https:\/\/travelwithkids.net\/wp-content\/uploads\/2023\/09\/15-20221212_090418-scaled-e1693838104870-682x1024.jpg 682w, https:\/\/travelwithkids.net\/wp-content\/uploads\/2023\/09\/15-20221212_090418-scaled-e1693838104870-600x901.jpg 600w, https:\/\/travelwithkids.net\/wp-content\/uploads\/2023\/09\/15-20221212_090418-scaled-e1693838104870-200x300.jpg 200w, https:\/\/travelwithkids.net\/wp-content\/uploads\/2023\/09\/15-20221212_090418-scaled-e1693838104870-768x1153.jpg 768w, https:\/\/travelwithkids.net\/wp-content\/uploads\/2023\/09\/15-20221212_090418-scaled-e1693838104870-1023x1536.jpg 1023w, https:\/\/travelwithkids.net\/wp-content\/uploads\/2023\/09\/15-20221212_090418-scaled-e1693838104870-1364x2048.jpg 1364w, https:\/\/travelwithkids.net\/wp-content\/uploads\/2023\/09\/15-20221212_090418-scaled-e1693838104870.jpg 1441w\" sizes=\"auto, (max-width: 682px) 100vw, 682px\" \/>\t\t\t\t\t\t\t\t\t\t\t\t\t<\/p>\n<h2>Our favorites destinations<\/h2>\n<p>\t\t\t\t\t\t\t<img loading=\"lazy\" decoding=\"async\" width=\"768\" height=\"512\" src=\"https:\/\/travelwithkids.net\/wp-content\/uploads\/2023\/08\/14-20230616_143834-scaled-e1693471440669-768x512.jpg\" alt=\"Thailand Cheow Lan Lake met kinderen\" \/><br \/>\n\t\t\t\t\t\t\t\t<a href=\"https:\/\/travelwithkids.net\/bestemmingen\/thailand\/\" target=\"_self\" aria-hidden=\"true\" rel=\"noopener\">Thailand<\/a><\/p>\n<h2>\n\t\t\t<a href=\"https:\/\/travelwithkids.net\/bestemmingen\/thailand\/\" target=\"_self\" rel=\"noopener\"><br \/>\n\t\t\t\tThailand\t\t\t<\/a><br \/>\n\t\t<\/h2>\n<p>\t\t\t\t\t\t\t<img loading=\"lazy\" decoding=\"async\" width=\"768\" height=\"511\" src=\"https:\/\/travelwithkids.net\/wp-content\/uploads\/2023\/01\/20221013_185003-1-scaled-e1674126316216-768x511.jpg\" alt=\"Uluru Australie\" \/><br \/>\n\t\t\t\t\t\t\t\t<a href=\"https:\/\/travelwithkids.net\/bestemmingen\/australie\/\" target=\"_self\" aria-hidden=\"true\" rel=\"noopener\">Australi\u00eb<\/a><\/p>\n<h2>\n\t\t\t<a href=\"https:\/\/travelwithkids.net\/bestemmingen\/australie\/\" target=\"_self\" rel=\"noopener\"><br \/>\n\t\t\t\tAustrali\u00eb\t\t\t<\/a><br \/>\n\t\t<\/h2>\n<p>\t\t\t\t\t\t\t<img loading=\"lazy\" decoding=\"async\" width=\"768\" height=\"511\" src=\"https:\/\/travelwithkids.net\/wp-content\/uploads\/2023\/01\/17-20220925_093417-scaled-e1673876712958-768x511.jpg\" alt=\"Waar te verblijven op Bali met kinderen\" \/><br \/>\n\t\t\t\t\t\t\t\t<a href=\"https:\/\/travelwithkids.net\/bestemmingen\/indonesie\/\" target=\"_self\" aria-hidden=\"true\" rel=\"noopener\">Indonesi\u00eb<\/a><\/p>\n<h2>\n\t\t\t<a href=\"https:\/\/travelwithkids.net\/bestemmingen\/indonesie\/\" target=\"_self\" rel=\"noopener\"><br \/>\n\t\t\t\tIndonesi\u00eb\t\t\t<\/a><br \/>\n\t\t<\/h2>\n<p>\t\t\t\t\t\t\t\t\t\t\t\t\t\t<a href=\"https:\/\/open.spotify.com\/episode\/52Ebs49BPNFEbVkqb1rO2w\" target=\"_blank\" rel=\"nofollow noopener\"><br \/>\n\t\t\t\t\t\t\t<img decoding=\"async\" src=\"https:\/\/travelwithkids.net\/wp-content\/uploads\/elementor\/thumbs\/Spotify_logo_without_text.svg-q4gueij0i9mmwi0n7bdw38yiqnrryhco2t2z3vm92s.webp\" title=\"Logo Spotify\" alt=\"Logo Spotify\" loading=\"lazy\" \/>\t\t\t\t\t\t\t\t<\/a><\/p>\n<p>Listen to our story on Spotify: <strong><a href=\"https:\/\/open.spotify.com\/episode\/52Ebs49BPNFEbVkqb1rO2w\" target=\"_blank\" rel=\"noopener\">our interview in papamoetmee&#8217;s podcast<\/a><\/strong> <\/p>\n","protected":false},"excerpt":{"rendered":"<p>Contact Email marlyn@travelwithkids.net or fill out the contact form.&nbsp; Contact form [wpforms id=&#8221;5664&#8243; title=&#8221;false&#8221;] Our favorites destinations Thailand Thailand Australi\u00eb Australi\u00eb Indonesi\u00eb Indonesi\u00eb Listen to our story on Spotify: our interview in papamoetmee&#8217;s podcast<\/p>\n","protected":false},"author":2,"featured_media":6802,"parent":0,"menu_order":0,"comment_status":"closed","ping_status":"closed","template":"","meta":{"_kad_blocks_custom_css":"","_kad_blocks_head_custom_js":"","_kad_blocks_body_custom_js":"","_kad_blocks_footer_custom_js":"","_kadence_starter_templates_imported_post":false,"_kad_post_transparent":"","_kad_post_title":"","_kad_post_layout":"","_kad_post_sidebar_id":"","_kad_post_content_style":"","_kad_post_vertical_padding":"","_kad_post_feature":"","_kad_post_feature_position":"","_kad_post_header":false,"_kad_post_footer":false,"_kad_post_classname":"","footnotes":""},"class_list":["post-7894","page","type-page","status-publish","has-post-thumbnail","hentry"],"yoast_head":"<!-- This site is optimized with the Yoast SEO plugin v27.4 - https:\/\/yoast.com\/product\/yoast-seo-wordpress\/ -->\n<title>Contact - travelwithkids<\/title>\n<meta name=\"description\" content=\"Contact us by emailing marlyn@travelwithkids.net or filling out the contact form below.\" \/>\n<meta name=\"robots\" content=\"index, follow, max-snippet:-1, max-image-preview:large, max-video-preview:-1\" \/>\n<link rel=\"canonical\" href=\"https:\/\/travelwithkids.net\/en\/contact\/\" \/>\n<meta property=\"og:locale\" content=\"en_US\" \/>\n<meta property=\"og:type\" content=\"article\" \/>\n<meta property=\"og:title\" content=\"Contact - travelwithkids\" \/>\n<meta property=\"og:description\" content=\"Contact us by emailing marlyn@travelwithkids.net or filling out the contact form below.\" \/>\n<meta property=\"og:url\" content=\"https:\/\/travelwithkids.net\/en\/contact\/\" \/>\n<meta property=\"og:site_name\" content=\"travelwithkids.net\" \/>\n<meta property=\"article:modified_time\" content=\"2024-09-25T10:23:23+00:00\" \/>\n<meta property=\"og:image\" content=\"https:\/\/travelwithkids.net\/wp-content\/uploads\/2023\/02\/cropped-Favicon-transparant.png\" \/>\n\t<meta property=\"og:image:width\" content=\"512\" \/>\n\t<meta property=\"og:image:height\" content=\"512\" \/>\n\t<meta property=\"og:image:type\" content=\"image\/png\" \/>\n<meta name=\"twitter:card\" content=\"summary_large_image\" \/>\n<script type=\"application\/ld+json\" class=\"yoast-schema-graph\">{\"@context\":\"https:\\\/\\\/schema.org\",\"@graph\":[{\"@type\":\"WebPage\",\"@id\":\"https:\\\/\\\/travelwithkids.net\\\/en\\\/contact\\\/\",\"url\":\"https:\\\/\\\/travelwithkids.net\\\/en\\\/contact\\\/\",\"name\":\"Contact - travelwithkids\",\"isPartOf\":{\"@id\":\"https:\\\/\\\/travelwithkids.net\\\/en\\\/#website\"},\"primaryImageOfPage\":{\"@id\":\"https:\\\/\\\/travelwithkids.net\\\/en\\\/contact\\\/#primaryimage\"},\"image\":{\"@id\":\"https:\\\/\\\/travelwithkids.net\\\/en\\\/contact\\\/#primaryimage\"},\"thumbnailUrl\":\"https:\\\/\\\/travelwithkids.net\\\/wp-content\\\/uploads\\\/2023\\\/02\\\/cropped-Favicon-transparant.png\",\"datePublished\":\"2024-01-08T13:51:02+00:00\",\"dateModified\":\"2024-09-25T10:23:23+00:00\",\"description\":\"Contact us by emailing marlyn@travelwithkids.net or filling out the contact form below.\",\"breadcrumb\":{\"@id\":\"https:\\\/\\\/travelwithkids.net\\\/en\\\/contact\\\/#breadcrumb\"},\"inLanguage\":\"en-US\",\"potentialAction\":[{\"@type\":\"ReadAction\",\"target\":[\"https:\\\/\\\/travelwithkids.net\\\/en\\\/contact\\\/\"]}]},{\"@type\":\"ImageObject\",\"inLanguage\":\"en-US\",\"@id\":\"https:\\\/\\\/travelwithkids.net\\\/en\\\/contact\\\/#primaryimage\",\"url\":\"https:\\\/\\\/travelwithkids.net\\\/wp-content\\\/uploads\\\/2023\\\/02\\\/cropped-Favicon-transparant.png\",\"contentUrl\":\"https:\\\/\\\/travelwithkids.net\\\/wp-content\\\/uploads\\\/2023\\\/02\\\/cropped-Favicon-transparant.png\",\"width\":512,\"height\":512},{\"@type\":\"BreadcrumbList\",\"@id\":\"https:\\\/\\\/travelwithkids.net\\\/en\\\/contact\\\/#breadcrumb\",\"itemListElement\":[{\"@type\":\"ListItem\",\"position\":1,\"name\":\"Home\",\"item\":\"https:\\\/\\\/travelwithkids.net\\\/en\\\/\"},{\"@type\":\"ListItem\",\"position\":2,\"name\":\"Contact\"}]},{\"@type\":\"WebSite\",\"@id\":\"https:\\\/\\\/travelwithkids.net\\\/en\\\/#website\",\"url\":\"https:\\\/\\\/travelwithkids.net\\\/en\\\/\",\"name\":\"travelwithkids.net\",\"description\":\"Tips en inspiratie voor reizen met kids\",\"publisher\":{\"@id\":\"https:\\\/\\\/travelwithkids.net\\\/en\\\/#organization\"},\"potentialAction\":[{\"@type\":\"SearchAction\",\"target\":{\"@type\":\"EntryPoint\",\"urlTemplate\":\"https:\\\/\\\/travelwithkids.net\\\/en\\\/?s={search_term_string}\"},\"query-input\":{\"@type\":\"PropertyValueSpecification\",\"valueRequired\":true,\"valueName\":\"search_term_string\"}}],\"inLanguage\":\"en-US\"},{\"@type\":\"Organization\",\"@id\":\"https:\\\/\\\/travelwithkids.net\\\/en\\\/#organization\",\"name\":\"opreismetkids.com\",\"url\":\"https:\\\/\\\/travelwithkids.net\\\/en\\\/\",\"logo\":{\"@type\":\"ImageObject\",\"inLanguage\":\"en-US\",\"@id\":\"https:\\\/\\\/travelwithkids.net\\\/en\\\/#\\\/schema\\\/logo\\\/image\\\/\",\"url\":\"https:\\\/\\\/travelwithkids.net\\\/wp-content\\\/uploads\\\/2022\\\/01\\\/cropped-LOGO-opreismetkids-2.png\",\"contentUrl\":\"https:\\\/\\\/travelwithkids.net\\\/wp-content\\\/uploads\\\/2022\\\/01\\\/cropped-LOGO-opreismetkids-2.png\",\"width\":200,\"height\":78,\"caption\":\"opreismetkids.com\"},\"image\":{\"@id\":\"https:\\\/\\\/travelwithkids.net\\\/en\\\/#\\\/schema\\\/logo\\\/image\\\/\"},\"sameAs\":[\"https:\\\/\\\/www.instagram.com\\\/opreismet.kids\\\/\"]}]}<\/script>\n<!-- \/ Yoast SEO plugin. -->","yoast_head_json":{"title":"Contact - travelwithkids","description":"Contact us by emailing marlyn@travelwithkids.net or filling out the contact form below.","robots":{"index":"index","follow":"follow","max-snippet":"max-snippet:-1","max-image-preview":"max-image-preview:large","max-video-preview":"max-video-preview:-1"},"canonical":"https:\/\/travelwithkids.net\/en\/contact\/","og_locale":"en_US","og_type":"article","og_title":"Contact - travelwithkids","og_description":"Contact us by emailing marlyn@travelwithkids.net or filling out the contact form below.","og_url":"https:\/\/travelwithkids.net\/en\/contact\/","og_site_name":"travelwithkids.net","article_modified_time":"2024-09-25T10:23:23+00:00","og_image":[{"width":512,"height":512,"url":"https:\/\/travelwithkids.net\/wp-content\/uploads\/2023\/02\/cropped-Favicon-transparant.png","type":"image\/png"}],"twitter_card":"summary_large_image","schema":{"@context":"https:\/\/schema.org","@graph":[{"@type":"WebPage","@id":"https:\/\/travelwithkids.net\/en\/contact\/","url":"https:\/\/travelwithkids.net\/en\/contact\/","name":"Contact - travelwithkids","isPartOf":{"@id":"https:\/\/travelwithkids.net\/en\/#website"},"primaryImageOfPage":{"@id":"https:\/\/travelwithkids.net\/en\/contact\/#primaryimage"},"image":{"@id":"https:\/\/travelwithkids.net\/en\/contact\/#primaryimage"},"thumbnailUrl":"https:\/\/travelwithkids.net\/wp-content\/uploads\/2023\/02\/cropped-Favicon-transparant.png","datePublished":"2024-01-08T13:51:02+00:00","dateModified":"2024-09-25T10:23:23+00:00","description":"Contact us by emailing marlyn@travelwithkids.net or filling out the contact form below.","breadcrumb":{"@id":"https:\/\/travelwithkids.net\/en\/contact\/#breadcrumb"},"inLanguage":"en-US","potentialAction":[{"@type":"ReadAction","target":["https:\/\/travelwithkids.net\/en\/contact\/"]}]},{"@type":"ImageObject","inLanguage":"en-US","@id":"https:\/\/travelwithkids.net\/en\/contact\/#primaryimage","url":"https:\/\/travelwithkids.net\/wp-content\/uploads\/2023\/02\/cropped-Favicon-transparant.png","contentUrl":"https:\/\/travelwithkids.net\/wp-content\/uploads\/2023\/02\/cropped-Favicon-transparant.png","width":512,"height":512},{"@type":"BreadcrumbList","@id":"https:\/\/travelwithkids.net\/en\/contact\/#breadcrumb","itemListElement":[{"@type":"ListItem","position":1,"name":"Home","item":"https:\/\/travelwithkids.net\/en\/"},{"@type":"ListItem","position":2,"name":"Contact"}]},{"@type":"WebSite","@id":"https:\/\/travelwithkids.net\/en\/#website","url":"https:\/\/travelwithkids.net\/en\/","name":"travelwithkids.net","description":"Tips en inspiratie voor reizen met kids","publisher":{"@id":"https:\/\/travelwithkids.net\/en\/#organization"},"potentialAction":[{"@type":"SearchAction","target":{"@type":"EntryPoint","urlTemplate":"https:\/\/travelwithkids.net\/en\/?s={search_term_string}"},"query-input":{"@type":"PropertyValueSpecification","valueRequired":true,"valueName":"search_term_string"}}],"inLanguage":"en-US"},{"@type":"Organization","@id":"https:\/\/travelwithkids.net\/en\/#organization","name":"opreismetkids.com","url":"https:\/\/travelwithkids.net\/en\/","logo":{"@type":"ImageObject","inLanguage":"en-US","@id":"https:\/\/travelwithkids.net\/en\/#\/schema\/logo\/image\/","url":"https:\/\/travelwithkids.net\/wp-content\/uploads\/2022\/01\/cropped-LOGO-opreismetkids-2.png","contentUrl":"https:\/\/travelwithkids.net\/wp-content\/uploads\/2022\/01\/cropped-LOGO-opreismetkids-2.png","width":200,"height":78,"caption":"opreismetkids.com"},"image":{"@id":"https:\/\/travelwithkids.net\/en\/#\/schema\/logo\/image\/"},"sameAs":["https:\/\/www.instagram.com\/opreismet.kids\/"]}]}},"taxonomy_info":[],"featured_image_src_large":["https:\/\/travelwithkids.net\/wp-content\/uploads\/2023\/02\/cropped-Favicon-transparant.png",512,512,false],"author_info":{"display_name":"Marlyn - travelwithkids","author_link":"https:\/\/travelwithkids.net\/en\/author\/marlynvanklaveren\/"},"comment_info":0,"_links":{"self":[{"href":"https:\/\/travelwithkids.net\/en\/wp-json\/wp\/v2\/pages\/7894","targetHints":{"allow":["GET"]}}],"collection":[{"href":"https:\/\/travelwithkids.net\/en\/wp-json\/wp\/v2\/pages"}],"about":[{"href":"https:\/\/travelwithkids.net\/en\/wp-json\/wp\/v2\/types\/page"}],"author":[{"embeddable":true,"href":"https:\/\/travelwithkids.net\/en\/wp-json\/wp\/v2\/users\/2"}],"replies":[{"embeddable":true,"href":"https:\/\/travelwithkids.net\/en\/wp-json\/wp\/v2\/comments?post=7894"}],"version-history":[{"count":1,"href":"https:\/\/travelwithkids.net\/en\/wp-json\/wp\/v2\/pages\/7894\/revisions"}],"predecessor-version":[{"id":7895,"href":"https:\/\/travelwithkids.net\/en\/wp-json\/wp\/v2\/pages\/7894\/revisions\/7895"}],"wp:featuredmedia":[{"embeddable":true,"href":"https:\/\/travelwithkids.net\/en\/wp-json\/wp\/v2\/media\/6802"}],"wp:attachment":[{"href":"https:\/\/travelwithkids.net\/en\/wp-json\/wp\/v2\/media?parent=7894"}],"curies":[{"name":"wp","href":"https:\/\/api.w.org\/{rel}","templated":true}]}}